{"id":1779,"date":"2022-08-24T09:24:37","date_gmt":"2022-08-24T09:24:37","guid":{"rendered":"https:\/\/hencosvn.com\/?post_type=product&#038;p=1779"},"modified":"2022-08-24T09:24:37","modified_gmt":"2022-08-24T09:24:37","slug":"body-essence-white-skin-spa-2","status":"publish","type":"product","link":"https:\/\/hencosvn.com\/?product=body-essence-white-skin-spa-2","title":{"rendered":"Body Essence White Skin Spa"},"content":{"rendered":"<div class=\"\" dir=\"auto\">\n<div id=\"jsc_c_ix\" class=\"d2hqwtrz r227ecj6 ez8dtbzv gt60zsk1\" data-ad-comet-preview=\"message\" data-ad-preview=\"message\">\n<div class=\"alzwoclg cqf1kptm siwo0mpr gu5uzgus\">\n<div class=\"jroqu855 nthtkgg5\">\n<div class=\"m8h3af8h l7ghb35v kjdc1dyq kmwttqpk gh25dzvf n3t5jt4f\">\n<div dir=\"auto\">BODY ESSENCE WHITE SKIN SPA<\/div>\n<div dir=\"auto\">GI\u1eee TONE SAU T\u1eaeM TR\u1eaeNG<\/div>\n<\/div>\n<div class=\"l7ghb35v kjdc1dyq kmwttqpk gh25dzvf jikcssrz n3t5jt4f\">\n<div dir=\"auto\">Tinh ch\u1ea5t k\u00edch tr\u1eafng ph\u1ee5c h\u1ed3i gi\u1eef tone da hi\u1ec7u qu\u1ea3 sau khi t\u1eafm tr\u1eafng<\/div>\n<div dir=\"auto\">&#8211; Gi\u1eef tone m\u1ea1nh tr\u00e1nh h\u1ed3i da<\/div>\n<div dir=\"auto\">&#8211; \u0110\u1ec1u m\u00e0u da<\/div>\n<div dir=\"auto\">&#8211; M\u1ec1m m\u1ecbn c\u0103ng b\u00f3ng da<\/div>\n<div dir=\"auto\">&#8211; Tr\u1ebb ho\u00e1 da<\/div>\n<\/div>\n<div class=\"l7ghb35v kjdc1dyq kmwttqpk gh25dzvf jikcssrz n3t5jt4f\">\n<div dir=\"auto\">Cung c\u1ea5p theo kg ho\u1eb7c chi\u1ebft r\u00f3t \u0111\u00f3ng g\u00f3i bao b\u00ec th\u00e0nh ph\u1ea9m tr\u1ecdn g\u00f3i theo m\u1ecdi y\u00eau c\u1ea7u.<\/div>\n<\/div>\n<\/div>\n<\/div>\n<\/div>\n<\/div>\n","protected":false},"excerpt":{"rendered":"<p>BODY ESSENCE WHITE SKIN SPA GI\u1eee TONE SAU T\u1eaeM TR\u1eaeNG Tinh ch\u1ea5t k\u00edch tr\u1eafng ph\u1ee5c h\u1ed3i gi\u1eef tone da hi\u1ec7u qu\u1ea3 sau khi t\u1eafm tr\u1eafng &#8211; Gi\u1eef tone m\u1ea1nh tr\u00e1nh h\u1ed3i da &#8211; \u0110\u1ec1u m\u00e0u da &#8211; M\u1ec1m m\u1ecbn c\u0103ng b\u00f3ng da &#8211; Tr\u1ebb ho\u00e1 da Cung c\u1ea5p theo kg ho\u1eb7c chi\u1ebft r\u00f3t \u0111\u00f3ng g\u00f3i [&hellip;]<\/p>\n","protected":false},"featured_media":1780,"comment_status":"open","ping_status":"closed","template":"","meta":[],"product_cat":[87,80,17],"product_tag":[],"class_list":{"0":"post-1779","1":"product","2":"type-product","3":"status-publish","4":"has-post-thumbnail","6":"product_cat-kem-body-kem-face","7":"product_cat-my-pham-thuc-pham-chuc-nang","8":"product_cat-san-pham","10":"first","11":"instock","12":"shipping-taxable","13":"product-type-simple"},"_links":{"self":[{"href":"https:\/\/hencosvn.com\/index.php?rest_route=\/wp\/v2\/product\/1779","targetHints":{"allow":["GET"]}}],"collection":[{"href":"https:\/\/hencosvn.com\/index.php?rest_route=\/wp\/v2\/product"}],"about":[{"href":"https:\/\/hencosvn.com\/index.php?rest_route=\/wp\/v2\/types\/product"}],"replies":[{"embeddable":true,"href":"https:\/\/hencosvn.com\/index.php?rest_route=%2Fwp%2Fv2%2Fcomments&post=1779"}],"wp:featuredmedia":[{"embeddable":true,"href":"https:\/\/hencosvn.com\/index.php?rest_route=\/wp\/v2\/media\/1780"}],"wp:attachment":[{"href":"https:\/\/hencosvn.com\/index.php?rest_route=%2Fwp%2Fv2%2Fmedia&parent=1779"}],"wp:term":[{"taxonomy":"product_cat","embeddable":true,"href":"https:\/\/hencosvn.com\/index.php?rest_route=%2Fwp%2Fv2%2Fproduct_cat&post=1779"},{"taxonomy":"product_tag","embeddable":true,"href":"https:\/\/hencosvn.com\/index.php?rest_route=%2Fwp%2Fv2%2Fproduct_tag&post=1779"}],"curies":[{"name":"wp","href":"https:\/\/api.w.org\/{rel}","templated":true}]}}