{"id":1716,"date":"2022-08-23T08:42:12","date_gmt":"2022-08-23T08:42:12","guid":{"rendered":"https:\/\/hencosvn.com\/?post_type=product&#038;p=1716"},"modified":"2022-09-09T03:07:48","modified_gmt":"2022-09-09T03:07:48","slug":"kem-kich-manh-x10-pha-kem-duong","status":"publish","type":"product","link":"https:\/\/hencosvn.com\/?product=kem-kich-manh-x10-pha-kem-duong","title":{"rendered":"Tinh ch\u1ea5t \u1ee7 tr\u1eafng da m\u1eb7t mask face essence"},"content":{"rendered":"<p>Kem k\u00edch x10 k\u00edch tr\u1eafng da m\u1ea1nh hi\u1ec7u qu\u1ea3<br \/>\nD\u00f9ng pha kem d\u01b0\u1ee1ng th\u01b0\u1eddng d\u00f9ng t\u0103ng \u0111\u1ed9 tr\u1eafng g\u1ea5p 10 l\u1ea7n kem d\u01b0\u1ee1ng Th\u00f4ng th\u01b0\u1eddng<\/p>\n<p>L\u1ebb : 40k\/h<br \/>\nPha v\u1edbi 150gr-200gr kem d\u01b0\u1ee1ng<\/p>\n<p>S\u1ec9 : inbox nh\u1eadn b\u00e1o gi\u00e1 nh\u00e9 kh\u00e1ch<br \/>\nHotline : 0984240884<\/p>\n","protected":false},"excerpt":{"rendered":"<p>Kem k\u00edch x10 k\u00edch tr\u1eafng da m\u1ea1nh hi\u1ec7u qu\u1ea3 D\u00f9ng pha kem d\u01b0\u1ee1ng th\u01b0\u1eddng d\u00f9ng t\u0103ng \u0111\u1ed9 tr\u1eafng g\u1ea5p 10 l\u1ea7n kem d\u01b0\u1ee1ng Th\u00f4ng th\u01b0\u1eddng L\u1ebb : 40k\/h Pha v\u1edbi 150gr-200gr kem d\u01b0\u1ee1ng S\u1ec9 : inbox nh\u1eadn b\u00e1o gi\u00e1 nh\u00e9 kh\u00e1ch Hotline : 0984240884<\/p>\n","protected":false},"featured_media":1906,"comment_status":"open","ping_status":"closed","template":"","meta":[],"product_cat":[98],"product_tag":[],"class_list":{"0":"post-1716","1":"product","2":"type-product","3":"status-publish","4":"has-post-thumbnail","6":"product_cat-ban-le","8":"first","9":"instock","10":"shipping-taxable","11":"purchasable","12":"product-type-simple"},"_links":{"self":[{"href":"https:\/\/hencosvn.com\/index.php?rest_route=\/wp\/v2\/product\/1716","targetHints":{"allow":["GET"]}}],"collection":[{"href":"https:\/\/hencosvn.com\/index.php?rest_route=\/wp\/v2\/product"}],"about":[{"href":"https:\/\/hencosvn.com\/index.php?rest_route=\/wp\/v2\/types\/product"}],"replies":[{"embeddable":true,"href":"https:\/\/hencosvn.com\/index.php?rest_route=%2Fwp%2Fv2%2Fcomments&post=1716"}],"wp:featuredmedia":[{"embeddable":true,"href":"https:\/\/hencosvn.com\/index.php?rest_route=\/wp\/v2\/media\/1906"}],"wp:attachment":[{"href":"https:\/\/hencosvn.com\/index.php?rest_route=%2Fwp%2Fv2%2Fmedia&parent=1716"}],"wp:term":[{"taxonomy":"product_cat","embeddable":true,"href":"https:\/\/hencosvn.com\/index.php?rest_route=%2Fwp%2Fv2%2Fproduct_cat&post=1716"},{"taxonomy":"product_tag","embeddable":true,"href":"https:\/\/hencosvn.com\/index.php?rest_route=%2Fwp%2Fv2%2Fproduct_tag&post=1716"}],"curies":[{"name":"wp","href":"https:\/\/api.w.org\/{rel}","templated":true}]}}